{"id":427,"date":"2017-12-11T22:40:54","date_gmt":"2017-12-11T19:40:54","guid":{"rendered":"https:\/\/site-724-temalar-byxox.c9users.io\/eticaret-724\/?post_type=product&amp;p=427"},"modified":"2019-11-19T11:03:27","modified_gmt":"2019-11-19T08:03:27","slug":"mavi-elbise","status":"publish","type":"product","link":"https:\/\/sonteknom.com.tr\/index.php\/product\/mavi-elbise\/","title":{"rendered":"Mavi Elbise"},"content":{"rendered":"<h1><img loading=\"lazy\" decoding=\"async\" class=\"wp-image-430 size-full alignright\" src=\"https:\/\/site-724-temalar-byxox.c9users.io\/eticaret-724\/wp-content\/uploads\/sites\/5\/2017\/12\/c1-1.jpg\" alt=\"\" width=\"480\" height=\"624\" srcset=\"https:\/\/sonteknom.com.tr\/wp-content\/uploads\/2017\/12\/c1-1.jpg 480w, https:\/\/sonteknom.com.tr\/wp-content\/uploads\/2017\/12\/c1-1-231x300.jpg 231w\" sizes=\"auto, (max-width: 480px) 100vw, 480px\" \/> \u0130\u015fte kar\u015f\u0131n\u0131zda <strong>X<\/strong> \u00dcr\u00fcn\u00fc!<\/h1>\n<p>Buras\u0131 \u00fcr\u00fcn\u00fc tan\u0131tman\u0131z i\u00e7in haz\u0131rlanm\u0131\u015f benzersiz esneklikteki bir alan.<\/p>\n<p>M\u00fc\u015fteriler, sanal olarak bir \u00fcr\u00fcne bakt\u0131klar\u0131nda e\u011fer isteklerini kar\u015f\u0131lamad\u0131\u011f\u0131n\u0131 hissederler ise oray\u0131 terk ederler.Bu y\u00fczden satt\u0131\u011f\u0131n\u0131z \u00fcr\u00fcn veya hizmetleri ayr\u0131nt\u0131l\u0131 \u015fekilde a\u00e7\u0131klamal\u0131s\u0131n\u0131z.<\/p>\n<p>\u00dcr\u00fcn detay\u0131na resimler ekleyebilir, k\u00fc\u00e7\u00fck tablolar ile net bilgiler verebilirsiniz.Hatta video ekleyerek \u00fcr\u00fcn hakk\u0131nda %100 inceleme yapabilirsiniz.<\/p>\n<p>Unutmay\u0131n, ne kadar \u00f6zg\u00fcn ve dolu bir i\u00e7eri\u011finiz olur ise, arama motorlar\u0131 da size kar\u015f\u0131 o kadar iyi olacakt\u0131r.<\/p>\n<hr \/>\n<h2>Akl\u0131n\u0131za gelebilecek her \u015fey!<\/h2>\n<p>Anahtar kelime bu olmal\u0131.\u00dcr\u00fcn ile alakal\u0131 <strong>her \u015feyi<\/strong> yazmal\u0131, a\u00e7\u0131klamal\u0131 ve g\u00f6rsellerle s\u00fcslemelisiniz.<\/p>\n","protected":false},"excerpt":{"rendered":"<p>\u00dcr\u00fcn ile alakal\u0131 k\u0131sa bir a\u00e7\u0131klama yaz\u0131s\u0131.Burada \u00e7ok <strong>a\u00e7\u0131klay\u0131c\u0131<\/strong> ve <strong>sade<\/strong> olunmal\u0131.Kampanyalar hakk\u0131nda bilgi verebilir ya da \u00fcr\u00fcn \u00f6zellikleri ile alakal\u0131 nokta at\u0131\u015flar\u0131 yapabilirsiniz.<\/p>\n","protected":false},"featured_media":430,"comment_status":"open","ping_status":"closed","template":"","meta":[],"product_brand":[],"product_cat":[61,64,68],"product_tag":[37],"class_list":{"0":"post-427","1":"product","2":"type-product","3":"status-publish","4":"has-post-thumbnail","6":"marka-beymen","7":"product_cat-elbiseler","8":"product_cat-giyim-aksesuar","9":"product_cat-sezon-elbiseleri-giyim-aksesuar","10":"product_tag-giyim-ve-aksesuar","12":"first","13":"outofstock","14":"shipping-taxable","15":"purchasable","16":"product-type-variable","17":"has-default-attributes"},"_links":{"self":[{"href":"https:\/\/sonteknom.com.tr\/index.php\/wp-json\/wp\/v2\/product\/427","targetHints":{"allow":["GET"]}}],"collection":[{"href":"https:\/\/sonteknom.com.tr\/index.php\/wp-json\/wp\/v2\/product"}],"about":[{"href":"https:\/\/sonteknom.com.tr\/index.php\/wp-json\/wp\/v2\/types\/product"}],"replies":[{"embeddable":true,"href":"https:\/\/sonteknom.com.tr\/index.php\/wp-json\/wp\/v2\/comments?post=427"}],"wp:featuredmedia":[{"embeddable":true,"href":"https:\/\/sonteknom.com.tr\/index.php\/wp-json\/wp\/v2\/media\/430"}],"wp:attachment":[{"href":"https:\/\/sonteknom.com.tr\/index.php\/wp-json\/wp\/v2\/media?parent=427"}],"wp:term":[{"taxonomy":"product_brand","embeddable":true,"href":"https:\/\/sonteknom.com.tr\/index.php\/wp-json\/wp\/v2\/product_brand?post=427"},{"taxonomy":"product_cat","embeddable":true,"href":"https:\/\/sonteknom.com.tr\/index.php\/wp-json\/wp\/v2\/product_cat?post=427"},{"taxonomy":"product_tag","embeddable":true,"href":"https:\/\/sonteknom.com.tr\/index.php\/wp-json\/wp\/v2\/product_tag?post=427"}],"curies":[{"name":"wp","href":"https:\/\/api.w.org\/{rel}","templated":true}]}}